{"id":231,"date":"2024-12-02T16:20:58","date_gmt":"2024-12-02T16:20:58","guid":{"rendered":"https:\/\/fjolamesa.edu.co\/?page_id=231"},"modified":"2026-01-25T17:14:48","modified_gmt":"2026-01-25T22:14:48","slug":"matriculas-2025","status":"publish","type":"page","link":"https:\/\/fjolamesa.edu.co\/?page_id=231","title":{"rendered":"MATRICULAS"},"content":{"rendered":"\n<p><strong>MATRICULAS PARA ESTUDIANTES ANTIGUOS Y NUEVOS<\/strong><\/p>\n\n\n\n<p><\/p>\n\n\n\n<p>(Estudiantes que estudian en la IED Francisco Juli\u00e1n Olaya en la vigencia 2026)<br>A continuaci\u00f3n, se presenta la Documentaci\u00f3n requerida para la matr\u00edcula de estudiantes <strong>MATRICULAS PARA ESTUDIANTES<\/strong> <strong>ANTIGUOS:<\/strong><\/p>\n\n\n\n<ul class=\"wp-block-list\">\n<li>realizar la prematricula<\/li>\n\n\n\n<li>Seguro para accidentes, el cual se consigue en la oficina de Seguros del Estado en el Centro comercial Entre V\u00edas.<\/li>\n\n\n\n<li>Se revisar\u00e1 que se encuentren al d\u00eda Certificados de a\u00f1os anteriores (de grado quinto en adelante)<\/li>\n\n\n\n<li>Certificaci\u00f3n o copia de carn\u00e9 de EPS<\/li>\n\n\n\n<li>\u00daltimo bolet\u00edn<\/li>\n\n\n\n<li>Fotocopia del Documento de identidad del Estudiante<\/li>\n\n\n\n<li>Fotocopia del registro civil del Estudiante<\/li>\n\n\n\n<li>Fotocopia del Documento de identidad del Acudiente<\/li>\n\n\n\n<li>Contrato de prestaci\u00f3n de servicios educativos vigencia 2026, debidamente diligenciado y firmado, el cual se consigue en diferentes papeler\u00edas del municipio.<\/li>\n\n\n\n<li>Ficha de matr\u00edcula Institucional vigencia 2026, debidamente diligenciado y firmado, el cual se consigue en diferentes papeler\u00edas del municipio.<\/li>\n\n\n\n<li>Ficha Piar vigencia 2026, debidamente diligenciado y firmado, el cual se consigue en diferentes papeler\u00edas del municipio.<\/li>\n\n\n\n<li>Acuerdo y compromiso de padres de familia y madres de familia o cuidadores para dar cumplimiento a la escuela de familia vigencia 2026, debidamente diligenciado y firmado, el cual se consigue en diferentes papeler\u00edas del municipio.<\/li>\n\n\n\n<li>Formulario Ingreso Estudiante Nuevo de Secretar\u00eda de Educaci\u00f3n de Cundinamarca, debidamente diligenciado y firmado, el cual se consigue en diferentes papeler\u00edas del municipio.<\/li>\n\n\n\n<li>Fotocopia de Carn\u00e9 de vacunas para ingreso a grado cero.<\/li>\n\n\n\n<li>Autorizaci\u00f3n de matr\u00edcula se entrega en rector\u00eda.<\/li>\n\n\n\n<li>Carpeta azul colgante.<br><br><\/li>\n\n\n\n<li><strong>MATRICULAS PARA ESTUDIANTES NUEVOS.<\/strong><\/li>\n\n\n\n<li>Documentaci\u00f3n requerida para el ingreso de estudiantes nuevos:<\/li>\n\n\n\n<li>Seguro para accidentes, el cual se consigue en la oficina de Seguros del Estado en el Centro comercial Entre V\u00edas.<\/li>\n\n\n\n<li>Certificados de a\u00f1os anteriores, por favor fijarse se indica la palabra \u201ccer\u00edfica\u201d o \u201ccertificado\u201d y tiene firma original (de grado quinto en adelante)<\/li>\n\n\n\n<li>Certificaci\u00f3n o copia de carn\u00e9 de EPS<\/li>\n\n\n\n<li>\u00daltimo bolet\u00edn.<\/li>\n\n\n\n<li>Fotocopia del Documento de identidad del Estudiante<\/li>\n\n\n\n<li>Fotocopia del registro civil del Estudiante<\/li>\n\n\n\n<li>Fotocopia del Documento de identidad del Acudiente<\/li>\n\n\n\n<li>Contrato de prestaci\u00f3n de servicios educativos vigencia 2026, debidamente diligenciado y firmado, el cual se consigue en diferentes papeler\u00edas del municipio.<\/li>\n\n\n\n<li>Ficha de matr\u00edcula Institucional vigencia 2026, debidamente diligenciado y firmado, el cual se consigue en diferentes papeler\u00edas del municipio<\/li>\n\n\n\n<li>Ficha Piar vigencia 2026, debidamente diligenciado y firmado, el cual se consigue en diferentes papeler\u00edas del municipio<\/li>\n\n\n\n<li>Acuerdo y compromiso de padres de familia y madres de familia o cuidadores para dar cumplimiento a la escuela de familia vigencia 2026, debidamente diligenciado y firmado, el cual se consigue en diferentes papeler\u00edas del municipio.<\/li>\n\n\n\n<li>Formulario Ingreso Estudiante Nuevo de Secretar\u00eda de Educaci\u00f3n de Cundinamarca, debidamente diligenciado y firmado, el cual se consigue en diferentes papeler\u00edas del municipio.<\/li>\n\n\n\n<li>Fotocopia de Carn\u00e9 de vacunas para ingreso a grado cero.<\/li>\n\n\n\n<li>Autorizaci\u00f3n de matr\u00edcula se entrega en rector\u00eda<\/li>\n\n\n\n<li>En caso de pertenecer a poblaci\u00f3n desplazada, Certificaci\u00f3n del Personero Municipal.<\/li>\n\n\n\n<li>Carpeta azul colgante.<br><br>IMPORTANTE PREMATRICULA<br>Para estudiantes nuevos como antiguos, Antes de realizar su proceso de matr\u00edcula se debe diligenciar la preinscripci\u00f3n en el  link o el c\u00f3digo QR, tomando en cuenta subir el documento de identidad del estudiante en pdf.<\/li>\n<\/ul>\n","protected":false},"excerpt":{"rendered":"<p>MATRICULAS PARA ESTUDIANTES ANTIGUOS Y NUEVOS (Estudiantes que estudian en la IED Francisco Juli\u00e1n Olaya en la vigencia 2026)A continuaci\u00f3n, se presenta la Documentaci\u00f3n requerida para la matr\u00edcula de estudiantes MATRICULAS PARA ESTUDIANTES ANTIGUOS:<\/p>\n","protected":false},"author":1,"featured_media":0,"parent":0,"menu_order":0,"comment_status":"closed","ping_status":"closed","template":"","meta":{"footnotes":""},"class_list":["post-231","page","type-page","status-publish","hentry"],"_links":{"self":[{"href":"https:\/\/fjolamesa.edu.co\/index.php?rest_route=\/wp\/v2\/pages\/231","targetHints":{"allow":["GET"]}}],"collection":[{"href":"https:\/\/fjolamesa.edu.co\/index.php?rest_route=\/wp\/v2\/pages"}],"about":[{"href":"https:\/\/fjolamesa.edu.co\/index.php?rest_route=\/wp\/v2\/types\/page"}],"author":[{"embeddable":true,"href":"https:\/\/fjolamesa.edu.co\/index.php?rest_route=\/wp\/v2\/users\/1"}],"replies":[{"embeddable":true,"href":"https:\/\/fjolamesa.edu.co\/index.php?rest_route=%2Fwp%2Fv2%2Fcomments&post=231"}],"version-history":[{"count":10,"href":"https:\/\/fjolamesa.edu.co\/index.php?rest_route=\/wp\/v2\/pages\/231\/revisions"}],"predecessor-version":[{"id":4260,"href":"https:\/\/fjolamesa.edu.co\/index.php?rest_route=\/wp\/v2\/pages\/231\/revisions\/4260"}],"wp:attachment":[{"href":"https:\/\/fjolamesa.edu.co\/index.php?rest_route=%2Fwp%2Fv2%2Fmedia&parent=231"}],"curies":[{"name":"wp","href":"https:\/\/api.w.org\/{rel}","templated":true}]}}