{"id":267,"date":"2025-02-10T08:51:09","date_gmt":"2025-02-10T13:51:09","guid":{"rendered":"https:\/\/fjolamesa.edu.co\/?page_id=267"},"modified":"2025-03-10T12:37:48","modified_gmt":"2025-03-10T17:37:48","slug":"matematicas","status":"publish","type":"page","link":"https:\/\/fjolamesa.edu.co\/?page_id=267","title":{"rendered":"MATEMATICAS"},"content":{"rendered":"\n<p>MATEMATICAS EN EL FRANCISCO<\/p>\n\n\n\n<figure class=\"wp-block-image size-large\"><a href=\"http:\/\/www.idm314.org\/\"><img loading=\"lazy\" decoding=\"async\" width=\"1024\" height=\"427\" src=\"https:\/\/fjolamesa.edu.co\/wp-content\/uploads\/2025\/02\/imagen-1024x427.png\" alt=\"\" class=\"wp-image-275\" srcset=\"https:\/\/fjolamesa.edu.co\/wp-content\/uploads\/2025\/02\/imagen-1024x427.png 1024w, https:\/\/fjolamesa.edu.co\/wp-content\/uploads\/2025\/02\/imagen-300x125.png 300w, https:\/\/fjolamesa.edu.co\/wp-content\/uploads\/2025\/02\/imagen-768x320.png 768w, https:\/\/fjolamesa.edu.co\/wp-content\/uploads\/2025\/02\/imagen-1536x640.png 1536w, https:\/\/fjolamesa.edu.co\/wp-content\/uploads\/2025\/02\/imagen.png 1613w\" sizes=\"auto, (max-width: 706px) 89vw, (max-width: 767px) 82vw, 740px\" \/><\/a><\/figure>\n\n\n\n<div data-wp-interactive=\"core\/file\" class=\"wp-block-file\"><object data-wp-bind--hidden=\"!state.hasPdfPreview\" hidden class=\"wp-block-file__embed\" data=\"https:\/\/fjolamesa.edu.co\/wp-content\/uploads\/2025\/02\/Proyecto-Matematicas-en-el-Francisco.-Dia-internacional-de-las-Matematicas-1.pdf\" type=\"application\/pdf\" style=\"width:100%;height:600px\" aria-label=\"Incrustado de Proyecto Matem\u00e1ticas en el Francisco. D\u00eda internacional de las Matem\u00e1ticas (1).\"><\/object><a id=\"wp-block-file--media-a96dc0be-b017-4b89-94ac-368b1a18b225\" href=\"https:\/\/fjolamesa.edu.co\/wp-content\/uploads\/2025\/02\/Proyecto-Matematicas-en-el-Francisco.-Dia-internacional-de-las-Matematicas-1.pdf\">Proyecto Matem\u00e1ticas en el Francisco. D\u00eda internacional de las Matem\u00e1ticas (1)<\/a><a href=\"https:\/\/fjolamesa.edu.co\/wp-content\/uploads\/2025\/02\/Proyecto-Matematicas-en-el-Francisco.-Dia-internacional-de-las-Matematicas-1.pdf\" class=\"wp-block-file__button wp-element-button\" download aria-describedby=\"wp-block-file--media-a96dc0be-b017-4b89-94ac-368b1a18b225\">Descargar<\/a><\/div>\n\n\n\n<p><a href=\"https:\/\/www.idm314.org\/2025-math-you-can-touch-challenge-es\">https:\/\/www.idm314.org\/2025-math-you-can-touch-challenge-es<\/a><\/p>\n\n\n\n<p><strong>GALERIA, HAGA CLICK EN LA SIGUIENTE FOTO<\/strong><\/p>\n\n\n\n<figure class=\"wp-block-image size-full\"><a href=\"https:\/\/photos.google.com\/share\/AF1QipOQF8rCrx4_8BZQ7JsRsyAxSLvIDpgcyLRTnQJDgsMOCHrLXVo83ZfJqtjvsGvbEQ\/photo\/AF1QipPe8c7VxkZ4PTkfS94HmTS8Nva12ExQ0EiH_5U?key=a25FYU5RTzNkQnRvZVJPRWVLUmtVMFVXYVdDSTFR\"><img decoding=\"async\" src=\"https:\/\/fjolamesa.edu.co\/wp-content\/uploads\/2025\/03\/SUCULENTA.jpg\" alt=\"\" class=\"wp-image-297\"\/><\/a><\/figure>\n","protected":false},"excerpt":{"rendered":"<p>MATEMATICAS EN EL FRANCISCO https:\/\/www.idm314.org\/2025-math-you-can-touch-challenge-es GALERIA, HAGA CLICK EN LA SIGUIENTE FOTO<\/p>\n","protected":false},"author":1,"featured_media":0,"parent":0,"menu_order":0,"comment_status":"closed","ping_status":"closed","template":"","meta":{"footnotes":""},"class_list":["post-267","page","type-page","status-publish","hentry"],"_links":{"self":[{"href":"https:\/\/fjolamesa.edu.co\/index.php?rest_route=\/wp\/v2\/pages\/267","targetHints":{"allow":["GET"]}}],"collection":[{"href":"https:\/\/fjolamesa.edu.co\/index.php?rest_route=\/wp\/v2\/pages"}],"about":[{"href":"https:\/\/fjolamesa.edu.co\/index.php?rest_route=\/wp\/v2\/types\/page"}],"author":[{"embeddable":true,"href":"https:\/\/fjolamesa.edu.co\/index.php?rest_route=\/wp\/v2\/users\/1"}],"replies":[{"embeddable":true,"href":"https:\/\/fjolamesa.edu.co\/index.php?rest_route=%2Fwp%2Fv2%2Fcomments&post=267"}],"version-history":[{"count":8,"href":"https:\/\/fjolamesa.edu.co\/index.php?rest_route=\/wp\/v2\/pages\/267\/revisions"}],"predecessor-version":[{"id":301,"href":"https:\/\/fjolamesa.edu.co\/index.php?rest_route=\/wp\/v2\/pages\/267\/revisions\/301"}],"wp:attachment":[{"href":"https:\/\/fjolamesa.edu.co\/index.php?rest_route=%2Fwp%2Fv2%2Fmedia&parent=267"}],"curies":[{"name":"wp","href":"https:\/\/api.w.org\/{rel}","templated":true}]}}