{"id":60,"date":"2023-06-02T02:38:03","date_gmt":"2023-06-02T02:38:03","guid":{"rendered":"https:\/\/fjolamesa.edu.co\/?page_id=60"},"modified":"2023-06-02T03:44:50","modified_gmt":"2023-06-02T03:44:50","slug":"esc-udo","status":"publish","type":"page","link":"https:\/\/fjolamesa.edu.co\/?page_id=60","title":{"rendered":"ESCUDO"},"content":{"rendered":"\n<p>Se encuentra enmarcado dentro de un c\u00edrculo y en su parte externa inferior lleva escrito el lema institucional; se observa un blas\u00f3n con insignias representativas del municipio como es el fondo con los colores de la bandera municipal; en el centro un c\u00f3ndor siendo el signo de la libertad, en la parte superior se destaca los aros ol\u00edmpicos, s\u00edmbolo de la vocaci\u00f3n deportiva de la instituci\u00f3n, sobre \u00e9stos el nombre del plantel; en la zona inferior el sol, que ilumina un campo verde simbolizando el horizonte que define la instituci\u00f3n, donde<br>descansa un microscopio, una antorcha, un b\u00faho con el globo terr\u00e1queo y un libro, elementos distintivos de la fe, la ciencia y la tecnolog\u00eda.<\/p>\n\n\n<div class=\"wp-block-image\">\n<figure class=\"aligncenter size-full\"><img loading=\"lazy\" decoding=\"async\" width=\"260\" height=\"288\" src=\"http:\/\/fjolamesa.edu.co\/wp-content\/uploads\/2023\/06\/ESCUDO.jpg\" alt=\"\" class=\"wp-image-36\"\/><\/figure>\n<\/div>","protected":false},"excerpt":{"rendered":"<p>Se encuentra enmarcado dentro de un c\u00edrculo y en su parte externa inferior lleva escrito el lema institucional; se observa un blas\u00f3n con insignias representativas del municipio como es el fondo con los colores de la bandera municipal; en el centro un c\u00f3ndor siendo el signo de la libertad, en la parte superior se destaca &hellip; <\/p>\n<p class=\"link-more\"><a href=\"https:\/\/fjolamesa.edu.co\/?page_id=60\" class=\"more-link\">Continuar leyendo<span class=\"screen-reader-text\"> &#8220;ESCUDO&#8221;<\/span><\/a><\/p>\n","protected":false},"author":1,"featured_media":0,"parent":0,"menu_order":0,"comment_status":"closed","ping_status":"closed","template":"","meta":{"footnotes":""},"class_list":["post-60","page","type-page","status-publish","hentry"],"_links":{"self":[{"href":"https:\/\/fjolamesa.edu.co\/index.php?rest_route=\/wp\/v2\/pages\/60","targetHints":{"allow":["GET"]}}],"collection":[{"href":"https:\/\/fjolamesa.edu.co\/index.php?rest_route=\/wp\/v2\/pages"}],"about":[{"href":"https:\/\/fjolamesa.edu.co\/index.php?rest_route=\/wp\/v2\/types\/page"}],"author":[{"embeddable":true,"href":"https:\/\/fjolamesa.edu.co\/index.php?rest_route=\/wp\/v2\/users\/1"}],"replies":[{"embeddable":true,"href":"https:\/\/fjolamesa.edu.co\/index.php?rest_route=%2Fwp%2Fv2%2Fcomments&post=60"}],"version-history":[{"count":4,"href":"https:\/\/fjolamesa.edu.co\/index.php?rest_route=\/wp\/v2\/pages\/60\/revisions"}],"predecessor-version":[{"id":100,"href":"https:\/\/fjolamesa.edu.co\/index.php?rest_route=\/wp\/v2\/pages\/60\/revisions\/100"}],"wp:attachment":[{"href":"https:\/\/fjolamesa.edu.co\/index.php?rest_route=%2Fwp%2Fv2%2Fmedia&parent=60"}],"curies":[{"name":"wp","href":"https:\/\/api.w.org\/{rel}","templated":true}]}}