{"id":67,"date":"2023-06-02T02:39:14","date_gmt":"2023-06-02T02:39:14","guid":{"rendered":"https:\/\/fjolamesa.edu.co\/?page_id=67"},"modified":"2023-09-06T16:55:15","modified_gmt":"2023-09-06T16:55:15","slug":"himno","status":"publish","type":"page","link":"https:\/\/fjolamesa.edu.co\/?page_id=67","title":{"rendered":"HIMNO"},"content":{"rendered":"<div class=\"wp-block-image\">\n<figure class=\"aligncenter size-full\"><img loading=\"lazy\" decoding=\"async\" width=\"400\" height=\"242\" src=\"https:\/\/fjolamesa.edu.co\/wp-content\/uploads\/2023\/06\/HIMNO-PADRE-GUSTAVO.jpg\" alt=\"\" class=\"wp-image-130\" srcset=\"https:\/\/fjolamesa.edu.co\/wp-content\/uploads\/2023\/06\/HIMNO-PADRE-GUSTAVO.jpg 400w, https:\/\/fjolamesa.edu.co\/wp-content\/uploads\/2023\/06\/HIMNO-PADRE-GUSTAVO-300x182.jpg 300w\" sizes=\"auto, (max-width: 400px) 100vw, 400px\" \/><\/figure>\n<\/div>\n\n\n<p><strong>HIMNO COMPLETO<\/strong><\/p>\n\n\n\n<figure class=\"wp-block-audio\"><audio controls src=\"https:\/\/fjolamesa.edu.co\/wp-content\/uploads\/2023\/06\/HIMN0-JULIANISTA-LARGO.mp3\"><\/audio><\/figure>\n\n\n\n<p><strong>HIMNO CORTO<\/strong><\/p>\n\n\n\n<figure class=\"wp-block-audio\"><audio controls src=\"http:\/\/fjolamesa.edu.co\/wp-content\/uploads\/2023\/09\/himn0-julianista-corto-1.mp3\"><\/audio><\/figure>\n\n\n\n<p><strong>LETRA:  ANA YOLANDA LARA COY<br>MUSICA: JULIO ROBERTO ROJAS<\/strong><\/p>\n\n\n\n<p class=\"has-text-align-center\">I<strong><br>Entonemos todos este bello d\u00eda<br>un himno de gloria, un himno triunfal;<br>sobre la meseta luce un grato centro<br>es nuestro colegio Francisco Juli\u00e1n.<br>II<br>Sus aulas profesan amor y armon\u00eda,<br>bajo la alegr\u00eda de un sol tropical<br>la verdad y ciencia fluyen d\u00eda a d\u00eda<br>forjando las dotes del ni\u00f1o ideal.<br>Coro<br>Las aulas avivan amor y confianza<br>y el conocimiento se impone triunfal<br>es un nuevo d\u00eda, nace una esperanza<br>viva el estudiante, del Francisco Juli\u00e1n.<br>III<br>Cruza un aire pleno de amor y de ensue\u00f1o<br>sobre la meseta, fulgor sin igual<br>son muchas las almas que encienden anhelos<br>sus voces entonan sensible coral.<br>IV<br>Sobre los ejemplos del h\u00e9roe genio<br>hist\u00f3rico ni\u00f1o Francisco Juli\u00e1n<br>muchos corazones con magia de ingenio<br>saludan al mundo, vivencian la paz.<br>Coro\u2026.<br>V<br>En mentes fervientes asoma y renace<br>la vieja leyenda del hombre ancestral<br>digno personaje de encanto y coraje<br>preserva el ambiente Juan D\u00edaz inmortal.<br>VI<br>Cuando en las ma\u00f1anas la niebla oscurece<br>se llenan las almas de dicha y de paz<br>virtudes y ciencia sutil aparecen<br>fe y tecnolog\u00eda saber especial<br>Coro\u2026.<br>VII<br>Se forja un futuro de dicha y de gloria<br>en un mundo incierto, un mundo fugaz<br>trabajando unidos se construye ciencia<br>Francisco Juli\u00e1n un gran centro de paz.<br>VIII<br>Dichosos instantes de la edad primera<br>Son fieles testigos de la formaci\u00f3n<br>joven julianista ante todo implora<br>la paz, la justicia el amparo de Dios.<br>Coro\u2026.<br>IX<br>Joven julianista, el triunfo te aclama<br>salud y progreso, libertad y amor<br>son grandes tus dotes, la patria te llama<br>conquistes del mundo, su gran esplendor<br>X<br>La noche se expande sobre la meseta<br>enmudece el templo de nuestro saber<br>las aulas se pierden entre las estrella<br>y las mentes sue\u00f1an con el aprender.<\/strong><\/p>\n","protected":false},"excerpt":{"rendered":"<p>HIMNO COMPLETO HIMNO CORTO LETRA: ANA YOLANDA LARA COYMUSICA: JULIO ROBERTO ROJAS IEntonemos todos este bello d\u00edaun himno de gloria, un himno triunfal;sobre la meseta luce un grato centroes nuestro colegio Francisco Juli\u00e1n.IISus aulas profesan amor y armon\u00eda,bajo la alegr\u00eda de un sol tropicalla verdad y ciencia fluyen d\u00eda a d\u00edaforjando las dotes del ni\u00f1o &hellip; <\/p>\n<p class=\"link-more\"><a href=\"https:\/\/fjolamesa.edu.co\/?page_id=67\" class=\"more-link\">Continuar leyendo<span class=\"screen-reader-text\"> &#8220;HIMNO&#8221;<\/span><\/a><\/p>\n","protected":false},"author":1,"featured_media":0,"parent":0,"menu_order":0,"comment_status":"closed","ping_status":"closed","template":"","meta":{"footnotes":""},"class_list":["post-67","page","type-page","status-publish","hentry"],"_links":{"self":[{"href":"https:\/\/fjolamesa.edu.co\/index.php?rest_route=\/wp\/v2\/pages\/67","targetHints":{"allow":["GET"]}}],"collection":[{"href":"https:\/\/fjolamesa.edu.co\/index.php?rest_route=\/wp\/v2\/pages"}],"about":[{"href":"https:\/\/fjolamesa.edu.co\/index.php?rest_route=\/wp\/v2\/types\/page"}],"author":[{"embeddable":true,"href":"https:\/\/fjolamesa.edu.co\/index.php?rest_route=\/wp\/v2\/users\/1"}],"replies":[{"embeddable":true,"href":"https:\/\/fjolamesa.edu.co\/index.php?rest_route=%2Fwp%2Fv2%2Fcomments&post=67"}],"version-history":[{"count":14,"href":"https:\/\/fjolamesa.edu.co\/index.php?rest_route=\/wp\/v2\/pages\/67\/revisions"}],"predecessor-version":[{"id":148,"href":"https:\/\/fjolamesa.edu.co\/index.php?rest_route=\/wp\/v2\/pages\/67\/revisions\/148"}],"wp:attachment":[{"href":"https:\/\/fjolamesa.edu.co\/index.php?rest_route=%2Fwp%2Fv2%2Fmedia&parent=67"}],"curies":[{"name":"wp","href":"https:\/\/api.w.org\/{rel}","templated":true}]}}